{"id":21,"date":"2024-07-09T17:09:17","date_gmt":"2024-07-09T17:09:17","guid":{"rendered":"http:\/\/ftzservices.cr\/?page_id=21"},"modified":"2024-11-12T22:04:27","modified_gmt":"2024-11-12T22:04:27","slug":"quienes-somos","status":"publish","type":"page","link":"https:\/\/ftzservices.cr\/es\/quienes-somos\/","title":{"rendered":"Qui\u00e9nes Somos-2"},"content":{"rendered":"<div data-elementor-type=\"wp-page\" data-elementor-id=\"21\" class=\"elementor elementor-21\">\n\t\t\t\t<div class=\"elementor-element elementor-element-a1126bd e-flex e-con-boxed wpr-particle-no wpr-jarallax-no wpr-parallax-no wpr-sticky-section-no wpr-equal-height-no e-con e-parent\" data-id=\"a1126bd\" data-element_type=\"container\" data-e-type=\"container\" data-settings=\"{&quot;background_background&quot;:&quot;classic&quot;}\">\n\t\t\t\t\t<div class=\"e-con-inner\">\n\t\t\t\t<div class=\"elementor-element elementor-element-1781163 elementor-widget elementor-widget-heading\" data-id=\"1781163\" data-element_type=\"widget\" data-e-type=\"widget\" data-widget_type=\"heading.default\">\n\t\t\t\t<div class=\"elementor-widget-container\">\n\t\t\t\t\t<h2 class=\"elementor-heading-title elementor-size-default\">Sobre Nosotros<\/h2>\t\t\t\t<\/div>\n\t\t\t\t<\/div>\n\t\t\t\t\t<\/div>\n\t\t\t\t<\/div>\n\t\t<div class=\"elementor-element elementor-element-eaa5be4 e-flex e-con-boxed wpr-particle-no wpr-jarallax-no wpr-parallax-no wpr-sticky-section-no wpr-equal-height-no e-con e-parent\" data-id=\"eaa5be4\" data-element_type=\"container\" data-e-type=\"container\">\n\t\t\t\t\t<div class=\"e-con-inner\">\n\t\t<div class=\"elementor-element elementor-element-3c7b908 elementor-hidden-tablet elementor-hidden-mobile e-flex e-con-boxed wpr-particle-no wpr-jarallax-no wpr-parallax-no wpr-sticky-section-no wpr-equal-height-no e-con e-child\" data-id=\"3c7b908\" data-element_type=\"container\" data-e-type=\"container\">\n\t\t\t\t\t<div class=\"e-con-inner\">\n\t\t\t\t<div class=\"elementor-element elementor-element-886026b elementor-invisible elementor-widget elementor-widget-image\" data-id=\"886026b\" data-element_type=\"widget\" data-e-type=\"widget\" data-settings=\"{&quot;_animation&quot;:&quot;slideInLeft&quot;}\" data-widget_type=\"image.default\">\n\t\t\t\t<div class=\"elementor-widget-container\">\n\t\t\t\t\t\t\t\t\t\t\t\t\t\t\t<img fetchpriority=\"high\" decoding=\"async\" width=\"768\" height=\"512\" src=\"https:\/\/ftzservices.cr\/wp-content\/uploads\/2024\/07\/businessman-hand-holding-throwing-virtual-dart-target-board-black-wall-business-investment-target-concept-768x512.jpg\" class=\"attachment-medium_large size-medium_large wp-image-1782\" alt=\"\" srcset=\"https:\/\/ftzservices.cr\/wp-content\/uploads\/2024\/07\/businessman-hand-holding-throwing-virtual-dart-target-board-black-wall-business-investment-target-concept-768x512.jpg 768w, https:\/\/ftzservices.cr\/wp-content\/uploads\/2024\/07\/businessman-hand-holding-throwing-virtual-dart-target-board-black-wall-business-investment-target-concept-300x200.jpg 300w, https:\/\/ftzservices.cr\/wp-content\/uploads\/2024\/07\/businessman-hand-holding-throwing-virtual-dart-target-board-black-wall-business-investment-target-concept-1024x683.jpg 1024w, https:\/\/ftzservices.cr\/wp-content\/uploads\/2024\/07\/businessman-hand-holding-throwing-virtual-dart-target-board-black-wall-business-investment-target-concept-1536x1024.jpg 1536w, https:\/\/ftzservices.cr\/wp-content\/uploads\/2024\/07\/businessman-hand-holding-throwing-virtual-dart-target-board-black-wall-business-investment-target-concept-2048x1365.jpg 2048w\" sizes=\"(max-width: 768px) 100vw, 768px\" \/>\t\t\t\t\t\t\t\t\t\t\t\t\t\t\t<\/div>\n\t\t\t\t<\/div>\n\t\t\t\t\t<\/div>\n\t\t\t\t<\/div>\n\t\t<div class=\"elementor-element elementor-element-cc19c8f e-flex e-con-boxed wpr-particle-no wpr-jarallax-no wpr-parallax-no wpr-sticky-section-no wpr-equal-height-no elementor-invisible e-con e-child\" data-id=\"cc19c8f\" data-element_type=\"container\" data-e-type=\"container\" data-settings=\"{&quot;animation&quot;:&quot;slideInRight&quot;,&quot;animation_delay&quot;:100}\">\n\t\t\t\t\t<div class=\"e-con-inner\">\n\t\t\t\t<div class=\"elementor-element elementor-element-55621fb elementor-widget elementor-widget-heading\" data-id=\"55621fb\" data-element_type=\"widget\" data-e-type=\"widget\" data-widget_type=\"heading.default\">\n\t\t\t\t<div class=\"elementor-widget-container\">\n\t\t\t\t\t<h2 class=\"elementor-heading-title elementor-size-default\">Visi\u00f3n\n<\/h2>\t\t\t\t<\/div>\n\t\t\t\t<\/div>\n\t\t\t\t<div class=\"elementor-element elementor-element-77cf0ac elementor-widget elementor-widget-text-editor\" data-id=\"77cf0ac\" data-element_type=\"widget\" data-e-type=\"widget\" data-widget_type=\"text-editor.default\">\n\t\t\t\t<div class=\"elementor-widget-container\">\n\t\t\t\t\t\t\t\t\t<p><span style=\"font-weight: 400;\">\u00abSer la empresa l\u00edder en la prestaci\u00f3n de servicios integrales bajo el R\u00e9gimen de Zonas Francas, reconocida por su flexibilidad, adaptabilidad y capacidad de ofrecer soluciones r\u00e1pidas y efectivas a nivel global, contribuyendo al crecimiento sostenible de nuestros clientes y comunidades.\u00bb<\/span><\/p>\t\t\t\t\t\t\t\t<\/div>\n\t\t\t\t<\/div>\n\t\t\t\t\t<\/div>\n\t\t\t\t<\/div>\n\t\t\t\t\t<\/div>\n\t\t\t\t<\/div>\n\t\t<div class=\"elementor-element elementor-element-a8e5b68 e-flex e-con-boxed wpr-particle-no wpr-jarallax-no wpr-parallax-no wpr-sticky-section-no wpr-equal-height-no e-con e-parent\" data-id=\"a8e5b68\" data-element_type=\"container\" data-e-type=\"container\">\n\t\t\t\t\t<div class=\"e-con-inner\">\n\t\t<div class=\"elementor-element elementor-element-93dbb2a e-flex e-con-boxed wpr-particle-no wpr-jarallax-no wpr-parallax-no wpr-sticky-section-no wpr-equal-height-no elementor-invisible e-con e-child\" data-id=\"93dbb2a\" data-element_type=\"container\" data-e-type=\"container\" data-settings=\"{&quot;animation&quot;:&quot;slideInRight&quot;,&quot;animation_delay&quot;:100}\">\n\t\t\t\t\t<div class=\"e-con-inner\">\n\t\t\t\t<div class=\"elementor-element elementor-element-b48999f elementor-widget elementor-widget-heading\" data-id=\"b48999f\" data-element_type=\"widget\" data-e-type=\"widget\" data-widget_type=\"heading.default\">\n\t\t\t\t<div class=\"elementor-widget-container\">\n\t\t\t\t\t<h2 class=\"elementor-heading-title elementor-size-default\">Misi\u00f3n<\/h2>\t\t\t\t<\/div>\n\t\t\t\t<\/div>\n\t\t\t\t<div class=\"elementor-element elementor-element-dd41099 elementor-widget elementor-widget-text-editor\" data-id=\"dd41099\" data-element_type=\"widget\" data-e-type=\"widget\" data-widget_type=\"text-editor.default\">\n\t\t\t\t<div class=\"elementor-widget-container\">\n\t\t\t\t\t\t\t\t\t<p><span style=\"font-weight: 400;\">\u00abBrindar servicios de alta calidad en provisi\u00f3n y gesti\u00f3n de personal, contabilidad, log\u00edstica y control de presupuestos de construcci\u00f3n, basados en la honestidad, transparencia, trabajo en equipo y responsabilidad social. Estamos comprometidos a ser un socio estrat\u00e9gico para la Zona Franca y las empresas locales, adapt\u00e1ndonos a sus necesidades y esforz\u00e1ndonos por la excelencia en cada proyecto.\u00bb<\/span><\/p>\t\t\t\t\t\t\t\t<\/div>\n\t\t\t\t<\/div>\n\t\t\t\t\t<\/div>\n\t\t\t\t<\/div>\n\t\t<div class=\"elementor-element elementor-element-962f677 elementor-hidden-tablet e-con-full elementor-hidden-mobile e-flex wpr-particle-no wpr-jarallax-no wpr-parallax-no wpr-sticky-section-no wpr-equal-height-no e-con e-child\" data-id=\"962f677\" data-element_type=\"container\" data-e-type=\"container\">\n\t\t\t\t<div class=\"elementor-element elementor-element-51590ad elementor-invisible elementor-widget elementor-widget-image\" data-id=\"51590ad\" data-element_type=\"widget\" data-e-type=\"widget\" data-settings=\"{&quot;_animation&quot;:&quot;slideInLeft&quot;}\" data-widget_type=\"image.default\">\n\t\t\t\t<div class=\"elementor-widget-container\">\n\t\t\t\t\t\t\t\t\t\t\t\t\t\t\t<img decoding=\"async\" width=\"2048\" height=\"1160\" src=\"https:\/\/ftzservices.cr\/wp-content\/uploads\/2024\/07\/businessman-holding-tablet-with-growing-virtual-hologram-statistics-graph-chart-2048x1160.jpg\" class=\"attachment-2048x2048 size-2048x2048 wp-image-1784\" alt=\"\" srcset=\"https:\/\/ftzservices.cr\/wp-content\/uploads\/2024\/07\/businessman-holding-tablet-with-growing-virtual-hologram-statistics-graph-chart-2048x1160.jpg 2048w, https:\/\/ftzservices.cr\/wp-content\/uploads\/2024\/07\/businessman-holding-tablet-with-growing-virtual-hologram-statistics-graph-chart-300x170.jpg 300w, https:\/\/ftzservices.cr\/wp-content\/uploads\/2024\/07\/businessman-holding-tablet-with-growing-virtual-hologram-statistics-graph-chart-1024x580.jpg 1024w, https:\/\/ftzservices.cr\/wp-content\/uploads\/2024\/07\/businessman-holding-tablet-with-growing-virtual-hologram-statistics-graph-chart-768x435.jpg 768w, https:\/\/ftzservices.cr\/wp-content\/uploads\/2024\/07\/businessman-holding-tablet-with-growing-virtual-hologram-statistics-graph-chart-1536x870.jpg 1536w\" sizes=\"(max-width: 2048px) 100vw, 2048px\" \/>\t\t\t\t\t\t\t\t\t\t\t\t\t\t\t<\/div>\n\t\t\t\t<\/div>\n\t\t\t\t<\/div>\n\t\t\t\t\t<\/div>\n\t\t\t\t<\/div>\n\t\t<div class=\"elementor-element elementor-element-710ef0e e-flex e-con-boxed wpr-particle-no wpr-jarallax-no wpr-parallax-no wpr-sticky-section-no wpr-equal-height-no e-con e-parent\" data-id=\"710ef0e\" data-element_type=\"container\" data-e-type=\"container\">\n\t\t\t\t\t<div class=\"e-con-inner\">\n\t\t<div class=\"elementor-element elementor-element-7d4b605 elementor-hidden-tablet elementor-hidden-mobile e-flex e-con-boxed wpr-particle-no wpr-jarallax-no wpr-parallax-no wpr-sticky-section-no wpr-equal-height-no e-con e-child\" data-id=\"7d4b605\" data-element_type=\"container\" data-e-type=\"container\">\n\t\t\t\t\t<div class=\"e-con-inner\">\n\t\t\t\t<div class=\"elementor-element elementor-element-6e88f4c elementor-invisible elementor-widget elementor-widget-image\" data-id=\"6e88f4c\" data-element_type=\"widget\" data-e-type=\"widget\" data-settings=\"{&quot;_animation&quot;:&quot;slideInLeft&quot;}\" data-widget_type=\"image.default\">\n\t\t\t\t<div class=\"elementor-widget-container\">\n\t\t\t\t\t\t\t\t\t\t\t\t\t\t\t<img decoding=\"async\" width=\"2048\" height=\"1152\" src=\"https:\/\/ftzservices.cr\/wp-content\/uploads\/2024\/07\/aerial-view-business-team-scaled-2-2048x1152.jpg\" class=\"attachment-2048x2048 size-2048x2048 wp-image-1608\" alt=\"\" srcset=\"https:\/\/ftzservices.cr\/wp-content\/uploads\/2024\/07\/aerial-view-business-team-scaled-2-2048x1152.jpg 2048w, https:\/\/ftzservices.cr\/wp-content\/uploads\/2024\/07\/aerial-view-business-team-scaled-2-300x169.jpg 300w, https:\/\/ftzservices.cr\/wp-content\/uploads\/2024\/07\/aerial-view-business-team-scaled-2-1024x576.jpg 1024w, https:\/\/ftzservices.cr\/wp-content\/uploads\/2024\/07\/aerial-view-business-team-scaled-2-768x432.jpg 768w, https:\/\/ftzservices.cr\/wp-content\/uploads\/2024\/07\/aerial-view-business-team-scaled-2-1536x864.jpg 1536w\" sizes=\"(max-width: 2048px) 100vw, 2048px\" \/>\t\t\t\t\t\t\t\t\t\t\t\t\t\t\t<\/div>\n\t\t\t\t<\/div>\n\t\t\t\t\t<\/div>\n\t\t\t\t<\/div>\n\t\t<div class=\"elementor-element elementor-element-b253934 e-flex e-con-boxed wpr-particle-no wpr-jarallax-no wpr-parallax-no wpr-sticky-section-no wpr-equal-height-no elementor-invisible e-con e-child\" data-id=\"b253934\" data-element_type=\"container\" data-e-type=\"container\" data-settings=\"{&quot;animation&quot;:&quot;slideInRight&quot;,&quot;animation_delay&quot;:100}\">\n\t\t\t\t\t<div class=\"e-con-inner\">\n\t\t\t\t<div class=\"elementor-element elementor-element-3858fa8 elementor-widget elementor-widget-heading\" data-id=\"3858fa8\" data-element_type=\"widget\" data-e-type=\"widget\" data-widget_type=\"heading.default\">\n\t\t\t\t<div class=\"elementor-widget-container\">\n\t\t\t\t\t<h2 class=\"elementor-heading-title elementor-size-default\">Nuestros valores\n<\/h2>\t\t\t\t<\/div>\n\t\t\t\t<\/div>\n\t\t\t\t<div class=\"elementor-element elementor-element-aecd4eb elementor-widget elementor-widget-text-editor\" data-id=\"aecd4eb\" data-element_type=\"widget\" data-e-type=\"widget\" data-widget_type=\"text-editor.default\">\n\t\t\t\t<div class=\"elementor-widget-container\">\n\t\t\t\t\t\t\t\t\t<ul><li class=\"translation-block\"><strong>Excelencia<\/strong>: Nos esforzamos por superar las expectativas de nuestros clientes brindando un servicio excepcional.<\/li><li class=\"translation-block\"><strong>Integridad<\/strong>: Actuamos con \u00e9tica, transparencia y responsabilidad en todas nuestras acciones.<\/li><li class=\"translation-block\"><strong>Compromiso<\/strong>: Estamos dedicados a defender y promover los derechos e intereses de nuestros clientes.<\/li><li class=\"translation-block\"><strong>Innovaci\u00f3n<\/strong>: Aplicamos soluciones legales innovadoras adaptadas a los constantes cambios del entorno.<\/li><li class=\"translation-block\"><strong>Colaboraci\u00f3n<\/strong>: Fomentamos un ambiente de trabajo en equipo dentro de nuestra firma y con nuestros clientes para lograr los mejores resultados.<\/li><\/ul>\t\t\t\t\t\t\t\t<\/div>\n\t\t\t\t<\/div>\n\t\t\t\t\t<\/div>\n\t\t\t\t<\/div>\n\t\t\t\t\t<\/div>\n\t\t\t\t<\/div>\n\t\t\t\t<\/div>","protected":false},"excerpt":{"rendered":"<p>About Us Vision \u00abTo be the leading company in providing comprehensive services under the Free Trade Zone Regime, recognized for its flexibility, adaptability, and ability to offer quick and effective solutions globally, contributing to the sustainable growth of our clients and communities.\u00bb Mission \u00abTo provide high-quality services in personnel provision and management, accounting, logistics, and construction budget control based on honesty, transparency, teamwork, and social responsibility. We are committed to being a strategic partner for the Free Trade Zone and local companies, adapting to their needs and striving for excellence in every project.\u00bb Our Values Excellence: We strive to exceed our clients&#8217; expectations by providing exceptional service. Integrity: We act with ethics, transparency, and responsibility in all our actions. Commitment: We are dedicated to defending and promoting the rights and interests of our clients. Innovation: We apply innovative legal solutions adapted to the environment&#8217;s constant changes. Collaboration: We foster a team environment within our firm and with our clients to achieve the best results.<\/p>","protected":false},"author":1,"featured_media":0,"parent":0,"menu_order":0,"comment_status":"closed","ping_status":"closed","template":"elementor_header_footer","meta":{"footnotes":""},"class_list":["post-21","page","type-page","status-publish","hentry"],"_links":{"self":[{"href":"https:\/\/ftzservices.cr\/es\/wp-json\/wp\/v2\/pages\/21","targetHints":{"allow":["GET"]}}],"collection":[{"href":"https:\/\/ftzservices.cr\/es\/wp-json\/wp\/v2\/pages"}],"about":[{"href":"https:\/\/ftzservices.cr\/es\/wp-json\/wp\/v2\/types\/page"}],"author":[{"embeddable":true,"href":"https:\/\/ftzservices.cr\/es\/wp-json\/wp\/v2\/users\/1"}],"replies":[{"embeddable":true,"href":"https:\/\/ftzservices.cr\/es\/wp-json\/wp\/v2\/comments?post=21"}],"version-history":[{"count":83,"href":"https:\/\/ftzservices.cr\/es\/wp-json\/wp\/v2\/pages\/21\/revisions"}],"predecessor-version":[{"id":2183,"href":"https:\/\/ftzservices.cr\/es\/wp-json\/wp\/v2\/pages\/21\/revisions\/2183"}],"wp:attachment":[{"href":"https:\/\/ftzservices.cr\/es\/wp-json\/wp\/v2\/media?parent=21"}],"curies":[{"name":"wp","href":"https:\/\/api.w.org\/{rel}","templated":true}]}}